{"id":279,"date":"2025-10-02T13:25:20","date_gmt":"2025-10-02T13:25:20","guid":{"rendered":"https:\/\/yourhomeexpatservices.com\/servicios\/"},"modified":"2025-10-29T12:35:25","modified_gmt":"2025-10-29T12:35:25","slug":"servicios","status":"publish","type":"page","link":"https:\/\/yourhomeexpatservices.com\/es\/servicios\/","title":{"rendered":"Servicios"},"content":{"rendered":"\n<h3 class=\"wp-block-heading\"><strong>Su hogar en la Costa Blanca<\/strong><\/h3>\n\n<p><strong>1\ufe0f\u20e3 B\u00fasqueda de Propiedades y Asesoramiento<\/strong><br>Encuentre su hogar ideal en la Costa Blanca con orientaci\u00f3n local de confianza. Desde visitas hasta negociaciones, le ayudo a tomar decisiones informadas y sentirse seguro durante todo el proceso.<\/p>\n\n<p><strong>2\ufe0f\u20e3 Documentaci\u00f3n y Traducci\u00f3n<\/strong><br>Obtenga ayuda con el NIE, residencia, atenci\u00f3n m\u00e9dica, contratos o cualquier documento en espa\u00f1ol que no comprenda completamente. Me encargo de la documentaci\u00f3n y las traducciones para que pueda concentrarse en disfrutar de su nueva vida en Espa\u00f1a.<\/p>\n\n<p><strong>3\ufe0f\u20e3 Clases de Espa\u00f1ol y Orientaci\u00f3n Cultural<\/strong><br>Aprenda espa\u00f1ol \u00fatil para la vida diaria y comprenda la cultura detr\u00e1s de \u00e9l. Mis lecciones y orientaci\u00f3n pr\u00e1ctica lo ayudar\u00e1n a integrarse m\u00e1s r\u00e1pido y sentirse realmente como en casa.<\/p>\n\n<p><\/p>\n\n<p><\/p>\n\n<h3 class=\"wp-block-heading\"><\/h3>\n\n<p><\/p>\n\n<p><\/p>\n","protected":false},"excerpt":{"rendered":"<p>Su hogar en la Costa Blanca 1\ufe0f\u20e3 B\u00fasqueda de Propiedades y AsesoramientoEncuentre su hogar ideal en la Costa Blanca con orientaci\u00f3n local de confianza. Desde visitas hasta negociaciones, le ayudo a tomar decisiones informadas y sentirse seguro durante todo el proceso. 2\ufe0f\u20e3 Documentaci\u00f3n y Traducci\u00f3nObtenga ayuda con el NIE, residencia, atenci\u00f3n m\u00e9dica, contratos o cualquier &hellip; <a href=\"https:\/\/yourhomeexpatservices.com\/es\/servicios\/\">Continuado<\/a><\/p>\n","protected":false},"author":1,"featured_media":0,"parent":0,"menu_order":0,"comment_status":"open","ping_status":"closed","template":"","meta":{"_acf_changed":false,"iawp_total_views":19,"footnotes":""},"class_list":["post-279","page","type-page","status-publish","hentry"],"acf":[],"yoast_head":"<!-- This site is optimized with the Yoast SEO plugin v27.4 - https:\/\/yoast.com\/product\/yoast-seo-wordpress\/ -->\n<title>Tu hogar en Costa Blanca - Expat Services<\/title>\n<meta name=\"description\" content=\"Descubre tu hogar ideal en Pego, Alicante, con Costa Blanca Expat Services. Asistencia completa para expatriados en cada paso, desde la b\u00fasqueda hasta tr\u00e1mites legales.\" \/>\n<meta name=\"robots\" content=\"index, follow, max-snippet:-1, max-image-preview:large, max-video-preview:-1\" \/>\n<link rel=\"canonical\" href=\"https:\/\/yourhomeexpatservices.com\/es\/servicios\/\" \/>\n<meta property=\"og:locale\" content=\"es_ES\" \/>\n<meta property=\"og:type\" content=\"article\" \/>\n<meta property=\"og:title\" content=\"Tu hogar en Costa Blanca - Expat Services\" \/>\n<meta property=\"og:description\" content=\"Descubre tu hogar ideal en Pego, Alicante, con Costa Blanca Expat Services. Asistencia completa para expatriados en cada paso, desde la b\u00fasqueda hasta tr\u00e1mites legales.\" \/>\n<meta property=\"og:url\" content=\"https:\/\/yourhomeexpatservices.com\/es\/servicios\/\" \/>\n<meta property=\"og:site_name\" content=\"Costa Blanca Expat Servicies\" \/>\n<meta property=\"article:modified_time\" content=\"2025-10-29T12:35:25+00:00\" \/>\n<meta name=\"twitter:card\" content=\"summary_large_image\" \/>\n<meta name=\"twitter:label1\" content=\"Tiempo de lectura\" \/>\n\t<meta name=\"twitter:data1\" content=\"1 minuto\" \/>\n<!-- \/ Yoast SEO plugin. -->","yoast_head_json":{"title":"Tu hogar en Costa Blanca - Expat Services","description":"Descubre tu hogar ideal en Pego, Alicante, con Costa Blanca Expat Services. Asistencia completa para expatriados en cada paso, desde la b\u00fasqueda hasta tr\u00e1mites legales.","robots":{"index":"index","follow":"follow","max-snippet":"max-snippet:-1","max-image-preview":"max-image-preview:large","max-video-preview":"max-video-preview:-1"},"canonical":"https:\/\/yourhomeexpatservices.com\/es\/servicios\/","og_locale":"es_ES","og_type":"article","og_title":"Tu hogar en Costa Blanca - Expat Services","og_description":"Descubre tu hogar ideal en Pego, Alicante, con Costa Blanca Expat Services. Asistencia completa para expatriados en cada paso, desde la b\u00fasqueda hasta tr\u00e1mites legales.","og_url":"https:\/\/yourhomeexpatservices.com\/es\/servicios\/","og_site_name":"Costa Blanca Expat Servicies","article_modified_time":"2025-10-29T12:35:25+00:00","twitter_card":"summary_large_image","twitter_misc":{"Tiempo de lectura":"1 minuto"},"schema":{"@context":"https:\/\/schema.org","@graph":[{"@type":"WebPage","@id":"https:\/\/yourhomeexpatservices.com\/es\/servicios\/","url":"https:\/\/yourhomeexpatservices.com\/es\/servicios\/","name":"Tu hogar en Costa Blanca - Expat Services","isPartOf":{"@id":"https:\/\/yourhomeexpatservices.com\/es\/#website"},"datePublished":"2025-10-02T13:25:20+00:00","dateModified":"2025-10-29T12:35:25+00:00","description":"Descubre tu hogar ideal en Pego, Alicante, con Costa Blanca Expat Services. Asistencia completa para expatriados en cada paso, desde la b\u00fasqueda hasta tr\u00e1mites legales.","breadcrumb":{"@id":"https:\/\/yourhomeexpatservices.com\/es\/servicios\/#breadcrumb"},"inLanguage":"es","potentialAction":[{"@type":"ReadAction","target":["https:\/\/yourhomeexpatservices.com\/es\/servicios\/"]}]},{"@type":"BreadcrumbList","@id":"https:\/\/yourhomeexpatservices.com\/es\/servicios\/#breadcrumb","itemListElement":[{"@type":"ListItem","position":1,"name":"Portada","item":"https:\/\/yourhomeexpatservices.com\/es\/"},{"@type":"ListItem","position":2,"name":"Servicios"}]},{"@type":"WebSite","@id":"https:\/\/yourhomeexpatservices.com\/es\/#website","url":"https:\/\/yourhomeexpatservices.com\/es\/","name":"Costa Blanca Expat Servicies","description":"","publisher":{"@id":"https:\/\/yourhomeexpatservices.com\/es\/#organization"},"potentialAction":[{"@type":"SearchAction","target":{"@type":"EntryPoint","urlTemplate":"https:\/\/yourhomeexpatservices.com\/es\/?s={search_term_string}"},"query-input":{"@type":"PropertyValueSpecification","valueRequired":true,"valueName":"search_term_string"}}],"inLanguage":"es"},{"@type":"Organization","@id":"https:\/\/yourhomeexpatservices.com\/es\/#organization","name":"Costa Blanca Expat Servicies","url":"https:\/\/yourhomeexpatservices.com\/es\/","logo":{"@type":"ImageObject","inLanguage":"es","@id":"https:\/\/yourhomeexpatservices.com\/es\/#\/schema\/logo\/image\/","url":"https:\/\/yourhomeexpatservices.com\/wp-content\/uploads\/2025\/10\/366_logo_generado.png","contentUrl":"https:\/\/yourhomeexpatservices.com\/wp-content\/uploads\/2025\/10\/366_logo_generado.png","width":726,"height":326,"caption":"Costa Blanca Expat Servicies"},"image":{"@id":"https:\/\/yourhomeexpatservices.com\/es\/#\/schema\/logo\/image\/"}}]}},"_links":{"self":[{"href":"https:\/\/yourhomeexpatservices.com\/es\/wp-json\/wp\/v2\/pages\/279","targetHints":{"allow":["GET"]}}],"collection":[{"href":"https:\/\/yourhomeexpatservices.com\/es\/wp-json\/wp\/v2\/pages"}],"about":[{"href":"https:\/\/yourhomeexpatservices.com\/es\/wp-json\/wp\/v2\/types\/page"}],"author":[{"embeddable":true,"href":"https:\/\/yourhomeexpatservices.com\/es\/wp-json\/wp\/v2\/users\/1"}],"replies":[{"embeddable":true,"href":"https:\/\/yourhomeexpatservices.com\/es\/wp-json\/wp\/v2\/comments?post=279"}],"version-history":[{"count":12,"href":"https:\/\/yourhomeexpatservices.com\/es\/wp-json\/wp\/v2\/pages\/279\/revisions"}],"predecessor-version":[{"id":1076,"href":"https:\/\/yourhomeexpatservices.com\/es\/wp-json\/wp\/v2\/pages\/279\/revisions\/1076"}],"wp:attachment":[{"href":"https:\/\/yourhomeexpatservices.com\/es\/wp-json\/wp\/v2\/media?parent=279"}],"curies":[{"name":"wp","href":"https:\/\/api.w.org\/{rel}","templated":true}]}}